{"id":122,"date":"2020-12-18T00:23:53","date_gmt":"2020-12-18T00:23:53","guid":{"rendered":"https:\/\/themegrilldemos.com\/masonic\/?page_id=2"},"modified":"2022-10-11T15:43:19","modified_gmt":"2022-10-11T13:43:19","slug":"sample-page","status":"publish","type":"page","link":"http:\/\/consens-emsbueren.de\/_wpConsens\/sample-page\/","title":{"rendered":"\u00dcber uns&#8230;"},"content":{"rendered":"\n<p class=\"has-medium-font-size\"><strong>Consens<\/strong> (lat.): \u00dcbereinstimmung, Verfolgung des gleichen Ziels, Einigkeit, Ganzheit<\/p>\n\n\n\n<p>Sch\u00f6n, dass Sie da sind! Wir als Praxisgemeinschaft <strong>ConSens<\/strong> m\u00f6chten uns gerne auf den folgenden Seiten vorstellen. Erfahren Sie mehr \u00fcber uns, unser Wirken und unsere Pr\u00e4ventions- und Therapieangebote auf dem Weg zur ganzheitlichen Gesundheit. Unseren K\u00f6rper und Geist mit sich, seinen Mitmenschen und der Umwelt in Einklang zu bringen, ist unser Ziel!<\/p>\n\n\n\n<p>Christina &amp; Sonja, Christina &amp; Maike<\/p>\n","protected":false},"excerpt":{"rendered":"<p>Consens (lat.): \u00dcbereinstimmung, Verfolgung des gleichen Ziels, Einigkeit, Ganzheit Sch\u00f6n, dass Sie da sind! Wir als Praxisgemeinschaft ConSens m\u00f6chten uns gerne auf den folgenden Seiten vorstellen. Erfahren Sie mehr \u00fcber uns, unser Wirken und unsere Pr\u00e4ventions- und Therapieangebote auf dem<\/p>\n","protected":false},"author":1,"featured_media":0,"parent":0,"menu_order":0,"comment_status":"closed","ping_status":"open","template":"","meta":{"ngg_post_thumbnail":0,"footnotes":""},"class_list":["post-122","page","type-page","status-publish","hentry"],"_links":{"self":[{"href":"http:\/\/consens-emsbueren.de\/_wpConsens\/wp-json\/wp\/v2\/pages\/122","targetHints":{"allow":["GET"]}}],"collection":[{"href":"http:\/\/consens-emsbueren.de\/_wpConsens\/wp-json\/wp\/v2\/pages"}],"about":[{"href":"http:\/\/consens-emsbueren.de\/_wpConsens\/wp-json\/wp\/v2\/types\/page"}],"author":[{"embeddable":true,"href":"http:\/\/consens-emsbueren.de\/_wpConsens\/wp-json\/wp\/v2\/users\/1"}],"replies":[{"embeddable":true,"href":"http:\/\/consens-emsbueren.de\/_wpConsens\/wp-json\/wp\/v2\/comments?post=122"}],"version-history":[{"count":18,"href":"http:\/\/consens-emsbueren.de\/_wpConsens\/wp-json\/wp\/v2\/pages\/122\/revisions"}],"predecessor-version":[{"id":952,"href":"http:\/\/consens-emsbueren.de\/_wpConsens\/wp-json\/wp\/v2\/pages\/122\/revisions\/952"}],"wp:attachment":[{"href":"http:\/\/consens-emsbueren.de\/_wpConsens\/wp-json\/wp\/v2\/media?parent=122"}],"curies":[{"name":"wp","href":"https:\/\/api.w.org\/{rel}","templated":true}]}}