{"id":184,"date":"2021-06-22T20:54:44","date_gmt":"2021-06-22T18:54:44","guid":{"rendered":"http:\/\/consens-emsbueren.de\/_wpConsens\/?page_id=184"},"modified":"2021-12-13T14:47:45","modified_gmt":"2021-12-13T13:47:45","slug":"ernaehrungsberatung","status":"publish","type":"page","link":"http:\/\/consens-emsbueren.de\/_wpConsens\/ernaehrungsberatung\/","title":{"rendered":"Ern\u00e4hrungsberatung"},"content":{"rendered":"\n<p><strong><u>Sch\u00f6n, dass Sie da sind!!<\/u><\/strong><\/p>\n\n\n\n<p>Kein Bereich des Lebens beeinflusst unsere Gesundheit so nachhaltig wie die Ern\u00e4hrung, denn Ern\u00e4hrung kann Krankheiten heilen, aber auch verursachen. Das Essverhalten eines Menschen ist so individuell und einzigartig wie der Mensch selbst. Deshalb steht bei uns in der Beratung der Klient mit seinen Lebensumst\u00e4nden und Vorlieben im Mittelpunkt. Eine individuelle Ern\u00e4hrungsberatung oder Therapie kann im Alltag zu deutlich mehr Wohlbefinden und Lebensqualit\u00e4t f\u00fchren.<\/p>\n\n\n\n<p>Wir sind Sonja und Christina. Wir sind <strong>zertifizierte Ern\u00e4hrungsberaterinnen DGE<\/strong> und m\u00f6chten unser Wissen und unsere Erfahrungen gern mit Ihnen teilen. Besonders die <strong>Pr\u00e4ventionsarbeit in Gruppen, mit Erwachsenen und Kindern<\/strong> ist uns ein gro\u00dfes Anliegen und soll unser Schwerpunkt sein.<\/p>\n\n\n\n<p>Unsere <strong>zertifizierten Kursangebote<\/strong> werden, bei regelm\u00e4\u00dfiger Teilnahme, von den <strong>Krankenkassen bezuschusst<\/strong> (bis zu 100% m\u00f6glich). Auch die Ern\u00e4hrungstherapie kann vom behandelnden Arzt verordnet werden.<\/p>\n\n\n\n<p>Es ist anzuraten, vor Beginn einer Beratung oder eines Gruppenangebotes, Kontakt zur jeweiligen Krankenkasse aufzunehmen, um Fragen zur Kostenerstattung zu kl\u00e4ren.<\/p>\n\n\n\n<p>Regelm\u00e4\u00dfige Fort- und Weiterbildungen sind f\u00fcr uns selbstverst\u00e4ndlich und verpflichtend, um unser Fachwissen stetig zu erweitern.<\/p>\n\n\n\n<p><strong>Wir freuen uns, Sie bald pers\u00f6nlich begr\u00fc\u00dfen zu d\u00fcrfen!<\/strong><\/p>\n\n\n\n<p><strong>Sonja und Christina<\/strong><\/p>\n\n\n\n<p><\/p>\n","protected":false},"excerpt":{"rendered":"<p>Sch\u00f6n, dass Sie da sind!! Kein Bereich des Lebens beeinflusst unsere Gesundheit so nachhaltig wie die Ern\u00e4hrung, denn Ern\u00e4hrung kann Krankheiten heilen, aber auch verursachen. Das Essverhalten eines Menschen ist so individuell und einzigartig wie der Mensch selbst. Deshalb steht<\/p>\n","protected":false},"author":1,"featured_media":0,"parent":0,"menu_order":0,"comment_status":"closed","ping_status":"closed","template":"","meta":{"ngg_post_thumbnail":0,"footnotes":""},"class_list":["post-184","page","type-page","status-publish","hentry"],"_links":{"self":[{"href":"http:\/\/consens-emsbueren.de\/_wpConsens\/wp-json\/wp\/v2\/pages\/184","targetHints":{"allow":["GET"]}}],"collection":[{"href":"http:\/\/consens-emsbueren.de\/_wpConsens\/wp-json\/wp\/v2\/pages"}],"about":[{"href":"http:\/\/consens-emsbueren.de\/_wpConsens\/wp-json\/wp\/v2\/types\/page"}],"author":[{"embeddable":true,"href":"http:\/\/consens-emsbueren.de\/_wpConsens\/wp-json\/wp\/v2\/users\/1"}],"replies":[{"embeddable":true,"href":"http:\/\/consens-emsbueren.de\/_wpConsens\/wp-json\/wp\/v2\/comments?post=184"}],"version-history":[{"count":6,"href":"http:\/\/consens-emsbueren.de\/_wpConsens\/wp-json\/wp\/v2\/pages\/184\/revisions"}],"predecessor-version":[{"id":669,"href":"http:\/\/consens-emsbueren.de\/_wpConsens\/wp-json\/wp\/v2\/pages\/184\/revisions\/669"}],"wp:attachment":[{"href":"http:\/\/consens-emsbueren.de\/_wpConsens\/wp-json\/wp\/v2\/media?parent=184"}],"curies":[{"name":"wp","href":"https:\/\/api.w.org\/{rel}","templated":true}]}}